{"id":1175,"date":"2019-07-20T21:04:52","date_gmt":"2019-07-20T20:04:52","guid":{"rendered":"http:\/\/www.ttcwahlen.de\/?page_id=1175"},"modified":"2023-10-02T12:34:21","modified_gmt":"2023-10-02T11:34:21","slug":"wichtige-seiten-im-internet","status":"publish","type":"page","link":"http:\/\/www.ttcwahlen.de\/?page_id=1175","title":{"rendered":"Wichtige Portale"},"content":{"rendered":"\n<p><a href=\"http:\/\/www.TT-News.de\">http:\/\/www.TT-News.de<\/a><\/p>\n<p>Europas gr\u00f6\u00dftes Tischtennisforum mit etwa 606000 Benutzern, \u00fcber 3,5 Millionen Beitr\u00e4gen und 450000 Themen.<\/p>\n\n\n\n<p><a href=\"http:\/\/www.mytischtennis.de\">http:\/\/www.mytischtennis.de \u00a0<\/a><\/p>\n<p>Haupts\u00e4chlich Portal zur Darstellung der Spielst\u00e4rkewerte; auch Zugang zu Click-tt, dem Portal zur Darstellung des Spielbetriebs (Termine, Tabellen, Bilanzen, Aufstellungen)<\/p>\n<p><a href=\"http:\/\/www.tischtennis.de\">http:\/\/www.tischtennis.de<\/a><\/p>\n<p>HP des Deutschen Tischtennisbundes<\/p>\n<p><a href=\"http:\/\/www.sttb.de\">http:\/\/www.sttb.de<\/a><\/p>\n<p>HP des Saarl\u00e4ndischen Tischtennisbundes mit Zugang zu Click-tt, dem Portal zur Darstellung des Spielbetriebs (Termine, Tabellen, Bilanzen, Aufstellungen)<\/p>\n<p><a href=\"http:\/\/www.noppentest.de\">http:\/\/www.noppentest.de<\/a><\/p>\n<p>Portal f\u00fcr Spezialbel\u00e4ge wie Antitops, Kurze Noppen und Lange Noppen<\/p>\n<p>\u00a0<\/p>\n<p>\u00a0<\/p>\n<p>\u00a0<\/p>\n<p>\u00a0<\/p>\n","protected":false},"excerpt":{"rendered":"<p>http:\/\/www.TT-News.de Europas gr\u00f6\u00dftes Tischtennisforum mit etwa 606000 Benutzern, \u00fcber 3,5 Millionen Beitr\u00e4gen und 450000 Themen. http:\/\/www.mytischtennis.de \u00a0 Haupts\u00e4chlich Portal zur Darstellung der Spielst\u00e4rkewerte; auch Zugang zu Click-tt, dem Portal zur Darstellung des Spielbetriebs (Termine, Tabellen, Bilanzen, Aufstellungen) http:\/\/www.tischtennis.de HP des Deutschen Tischtennisbundes http:\/\/www.sttb.de HP des Saarl\u00e4ndischen Tischtennisbundes mit Zugang zu Click-tt, dem Portal zur Darstellung &hellip; <a href=\"http:\/\/www.ttcwahlen.de\/?page_id=1175\" class=\"more-link\">Continue reading<span class=\"screen-reader-text\"> &#8222;Wichtige Portale&#8220;<\/span><\/a><\/p>\n","protected":false},"author":2,"featured_media":0,"parent":0,"menu_order":0,"comment_status":"closed","ping_status":"closed","template":"","meta":{"footnotes":""},"class_list":["post-1175","page","type-page","status-publish","hentry","hfeed"],"_links":{"self":[{"href":"http:\/\/www.ttcwahlen.de\/index.php?rest_route=\/wp\/v2\/pages\/1175","targetHints":{"allow":["GET"]}}],"collection":[{"href":"http:\/\/www.ttcwahlen.de\/index.php?rest_route=\/wp\/v2\/pages"}],"about":[{"href":"http:\/\/www.ttcwahlen.de\/index.php?rest_route=\/wp\/v2\/types\/page"}],"author":[{"embeddable":true,"href":"http:\/\/www.ttcwahlen.de\/index.php?rest_route=\/wp\/v2\/users\/2"}],"replies":[{"embeddable":true,"href":"http:\/\/www.ttcwahlen.de\/index.php?rest_route=%2Fwp%2Fv2%2Fcomments&post=1175"}],"version-history":[{"count":16,"href":"http:\/\/www.ttcwahlen.de\/index.php?rest_route=\/wp\/v2\/pages\/1175\/revisions"}],"predecessor-version":[{"id":2158,"href":"http:\/\/www.ttcwahlen.de\/index.php?rest_route=\/wp\/v2\/pages\/1175\/revisions\/2158"}],"wp:attachment":[{"href":"http:\/\/www.ttcwahlen.de\/index.php?rest_route=%2Fwp%2Fv2%2Fmedia&parent=1175"}],"curies":[{"name":"wp","href":"https:\/\/api.w.org\/{rel}","templated":true}]}}