{"id":23,"date":"2018-01-25T18:08:26","date_gmt":"2018-01-25T17:08:26","guid":{"rendered":"http:\/\/1.ttcwahlen.de\/?page_id=23"},"modified":"2018-01-27T13:12:12","modified_gmt":"2018-01-27T12:12:12","slug":"satzung","status":"publish","type":"page","link":"http:\/\/www.ttcwahlen.de\/?page_id=23","title":{"rendered":"Satzung"},"content":{"rendered":"<p><span style=\"color: #000000;\">vom 4.7.2013<\/span><\/p>\n<h4><span style=\"color: #000000;\">\u00a7 1\u00a0Name, Sitz und Zweck<\/span><\/h4>\n<p><span style=\"color: #000000;\">1. Der am 01.01.1972 in Wahlen gegr\u00fcndete Tischtennisverein ist durch den Zusammenschluss des TTC Wahlen und der Interessengemeinschaft Tischtennis Niederlosheim entstanden.\u00a0Am 14.09.1980 wurde die Jugendabteilung des TTC Losheim durch Beschluss der au\u00dferordentlichen Jahreshauptversammlung in den Verein aufgenommen. Der Verein f\u00fchrte bis zum 15.05.2013 den Namen \u00a0TTC Wahlen\/Niederlosheim\/Losheim. Auf Beschluss der Jahreshauptversammlung vom 15.05.2013 wurde der Verein in TTC WNL Losheim am See e.V. umbenannt.<\/span><\/p>\n<p><span style=\"color: #000000;\">Er ist in das Vereinsregister beim Amtsgericht Merzig eingetragen.<\/span><\/p>\n<p><span style=\"color: #000000;\">Der Verein hat seinen Sitz in der Gemeinde Losheim am See.<\/span><\/p>\n<p><span style=\"color: #000000;\">2. \u00a0Der Verein ist Mitglied des Landessportbundes des Saarlandes und will diese Mitgliedschaft beibehalten.<\/span><\/p>\n<p><span style=\"color: #000000;\">3. Der Verein verfolgt ausschlie\u00dflich\u00a0und unmittelbar gemeinn\u00fctzige Zwecke im Sinne der Gemeinn\u00fctzigkeitsverordnung vom 24.12.1953 und zwar insbesondere durch die Pflege und F\u00f6rderung des Tischtennissports. Etwaige Gewinne d\u00fcrfen nur f\u00fcr die satzungsgem\u00e4\u00dfen Zwecke verwendet werden. Es darf keine Person durch Verwaltungsausgaben, die den Zwecken des Vereins fremd sind oder durch unverh\u00e4ltnism\u00e4\u00dfig hohe Verg\u00fctungen beg\u00fcnstigt werden.<\/span><\/p>\n<p>&nbsp;<\/p>\n<h4><span style=\"color: #000000;\">\u00a7 2 Erwerb der Mitgliedschaft<\/span><\/h4>\n<p><span style=\"color: #000000;\">1. Mitglied des Vereins kann jede nat\u00fcrliche Person werden.<\/span><\/p>\n<p><span style=\"color: #000000;\">2. Wer die Mitgliedschaft erwerben will, hat an den Vorstand ein schriftliches Aufnahmegesuch zu richten. Bei Minderj\u00e4hrigen ist die Zustimmung der gesetzlichen Vertreter erforderlich. Die Aufnahme erfolgt durch den Vorstand.<\/span><\/p>\n<p><span style=\"color: #000000;\">\u00a0<\/span><\/p>\n<h4><span style=\"color: #000000;\">\u00a7 3 Verlust der Mitgliedschaft<\/span><\/h4>\n<p><span style=\"color: #000000;\">1. Die Mitgliedschaft erlischt durch Austritt, Tod oder Ausschluss aus dem Verein. Die Austrittserkl\u00e4rung ist schriftlich an den Vorstand zu richten.<\/span><\/p>\n<p><span style=\"color: #000000;\">2. Der Austritt ist nur zum Schluss eines Kalenderhalbjahres unter Einhaltung einer Frist von sechs Wochen zul\u00e4ssig.<\/span><\/p>\n<p><span style=\"color: #000000;\">3. Ein Mitglied kann, nach vorheriger Anh\u00f6rung, vom Gesamtvorstand aus dem Verein ausgeschlossen werden:<\/span><\/p>\n<p><span style=\"color: #000000;\">a. wegen erheblicher Nichterf\u00fcllung satzungsgem\u00e4\u00dfer Verpflichtungen,<\/span><\/p>\n<p><span style=\"color: #000000;\">b. wegen Zahlungsr\u00fcckstand mit Beitr\u00e4gen von mehr als einem Jahresbeitrag trotz Mahnung,<\/span><\/p>\n<p><span style=\"color: #000000;\">c. wegen eines schweren Versto\u00dfes gegen die Interessen des Vereins oder groben unsportlichen Verhaltens,<\/span><\/p>\n<p><span style=\"color: #000000;\">d. wegen unehrenhafter Handlungen.<\/span><\/p>\n<p><span style=\"color: #000000;\">Der Bescheid \u00fcber den Ausschluss ist mit Einschreibebrief zuzustellen.<\/span><\/p>\n<p><span style=\"color: #000000;\">\u00a0<\/span><\/p>\n<h4><span style=\"color: #000000;\">\u00a7 4 Ma\u00dfregelungen<\/span><\/h4>\n<p><span style=\"color: #000000;\">Gegen Mitglieder, die gegen die Satzung oder gegen Anordnungen des Gesamtvorstandes versto\u00dfen, k\u00f6nnen nach vorheriger Anh\u00f6rung vom Gesamtvorstand folgende Ma\u00dfnahmen verh\u00e4ngt werden:<\/span><\/p>\n<p><span style=\"color: #000000;\">a. Verweis,<\/span><\/p>\n<p><span style=\"color: #000000;\">b. angemessene Geldstrafe,<\/span><\/p>\n<p><span style=\"color: #000000;\">c. zeitlich begrenztes Verbot der Teilnahme am Sportbetrieb.<\/span><\/p>\n<p><span style=\"color: #000000;\">Der Bescheid \u00fcber die Ma\u00dfregelung ist mit Einschreibebrief zuzustellen.<\/span><\/p>\n<p><span style=\"color: #000000;\">\u00a0<\/span><\/p>\n<h4><span style=\"color: #000000;\">\u00a7 5 Beitr\u00e4ge<\/span><\/h4>\n<p><span style=\"color: #000000;\">1. Der monatliche Mitgliedsbeitrag, sowie au\u00dferordentliche Beitr\u00e4ge werden j\u00e4hrlich von der Mitgliederversammlung festgelegt. Der gesch\u00e4ftsf\u00fchrende Vorstand ist befugt zum Inflationsausgleich eine Erh\u00f6hung des Mitgliedsbeitrags vorzunehmen.<\/span><\/p>\n<p><span style=\"color: #000000;\">2. Die Mitglieder erhalten keine Gewinnanteile und in ihrer Eigenschaft als Mitglieder auch keine sonstigen Zuwendungen aus Mitteln des Vereins.<\/span><\/p>\n<p>&nbsp;<\/p>\n<h4><span style=\"color: #000000;\">\u00a7 6 Stimmrecht und W\u00e4hlbarkeit<\/span><\/h4>\n<p><span style=\"color: #000000;\">1. Stimmberechtigt sind alle Mitglieder. Bei der Wahl des Jugendleiters steht das Stimmrecht allen Mitgliedern des Vereins bis zum vollendeten 18. Lebensjahres zu.<\/span><\/p>\n<p><span style=\"color: #000000;\">2. Das Stimmrecht kann nur pers\u00f6nlich ausge\u00fcbt werden. Das Stimmrecht eines Minderj\u00e4hrigen wird durch seine gesetzlichen Vertreter ausge\u00fcbt. Der Minderj\u00e4hrige kann pers\u00f6nlich abstimmen, wenn er vor Beginn der Abstimmung eine schriftliche Erm\u00e4chtigung seiner gesetzlichen Vertreter vorlegt.<\/span><\/p>\n<p><span style=\"color: #000000;\">3. Gew\u00e4hlt werden k\u00f6nnen alle vollj\u00e4hrigen und vollgesch\u00e4ftsf\u00e4higen Mitglieder des Vereins.<\/span><\/p>\n<p><span style=\"color: #000000;\">\u00a0<\/span><\/p>\n<h4><span style=\"color: #000000;\">\u00a7 7 Vereinsorgane<\/span><\/h4>\n<p><span style=\"color: #000000;\">Organe des Vereins sind:<\/span><\/p>\n<p><span style=\"color: #000000;\">a. die Mitgliederversammlung<\/span><\/p>\n<p><span style=\"color: #000000;\">b. der Vorstand<\/span><\/p>\n<p><span style=\"color: #000000;\">\u00a0<\/span><\/p>\n<h4><span style=\"color: #000000;\">\u00a7 8 Mitgliederversammlung<\/span><\/h4>\n<p><span style=\"color: #000000;\">1. Oberstes Organ des Vereins ist die Mitgliederversammlung.<\/span><\/p>\n<p><span style=\"color: #000000;\">2. Eine ordentliche Mitgliederversammlung (Jahreshauptversammlung) findet in jedem Jahr statt.<\/span><\/p>\n<p><span style=\"color: #000000;\">3. Eine au\u00dferordentliche Mitgliederversammlung ist innerhalb einer Frist von 14 Tagen mit entsprechender Tagesordnung einzuberufen, wenn es:<\/span><\/p>\n<p><span style=\"color: #000000;\">a. der Vorstand beschlie\u00dft,<\/span><\/p>\n<p><span style=\"color: #000000;\">b. ein Viertel der stimmberechtigten Mitglieder schriftlich beim Vorsitzenden oder dem 2. Vorsitzenden beantragt hat.<\/span><\/p>\n<p><span style=\"color: #000000;\">4. Die Einberufung der ordentlichen Mitgliederversammlung erfolgt durch den gesch\u00e4ftsf\u00fchrenden Vorstand. Sie geschieht in Form einer Ver\u00f6ffentlichung im Mitteilungsblatt der Gemeinde Losheim. Zwischen dem Tag der Ver\u00f6ffentlichung (Einladung) und dem Termin der Versammlung muss eine Frist von mindestens 14 Tagen liegen.<\/span><\/p>\n<p><span style=\"color: #000000;\">Auf der Homepage soll auf die Mitgliederversammlung besonders hingewiesen werden.<\/span><\/p>\n<p><span style=\"color: #000000;\">5. Auf der Homepage ist die Tagesordnung mitzuteilen.\u00a0Diese muss folgende Punkte enthalten:<\/span><\/p>\n<p><span style=\"color: #000000;\">a. Bericht des Vorstandes,<\/span><\/p>\n<p><span style=\"color: #000000;\">b. Kassenbericht,<\/span><\/p>\n<p><span style=\"color: #000000;\">c. Entlastung des Vorstandes\/Schatzmeisters,<\/span><\/p>\n<p><span style=\"color: #000000;\">d. Wahlen, soweit erforderlich,<\/span><\/p>\n<p><span style=\"color: #000000;\">e. Beschlussfassung \u00fcber vorliegende Antr\u00e4ge,<\/span><\/p>\n<p><span style=\"color: #000000;\">f. Festlegung der Mitgliedsbeitr\u00e4ge und au\u00dferordentlicher Beitr\u00e4ge.<\/span><\/p>\n<p><span style=\"color: #000000;\">6. Die Mitgliederversammlung ist ohne R\u00fccksicht auf die Zahl der erschienenen Mitglieder beschlussf\u00e4hig.<\/span><\/p>\n<p><span style=\"color: #000000;\">7. Die Beschl\u00fcsse werden mit einfacher Mehrheit der anwesenden stimmberechtigten Mitglieder gefasst. Bei Stimmengleichheit gibt die Stimme des Vorsitzenden bzw. des Versammlungsleiters den Ausschlag.<\/span><\/p>\n<p><span style=\"color: #000000;\">Satzungs\u00e4nderungen k\u00f6nnen nur mit einer Mehrheit von Zweidrittel der erschienen stimmberechtigten Mitglieder beschlossen werden.<\/span><\/p>\n<p><span style=\"color: #000000;\">8. Antr\u00e4ge k\u00f6nnen gestellt werden:<\/span><\/p>\n<p><span style=\"color: #000000;\">a. von den Mitgliedern,<\/span><\/p>\n<p><span style=\"color: #000000;\">b. vom Vorstand,<\/span><\/p>\n<p><span style=\"color: #000000;\">c. von den Aussch\u00fcssen,<\/span><\/p>\n<p><span style=\"color: #000000;\">9. \u00dcber Antr\u00e4ge, die nicht schon in der Tagesordnung verzeichnet sind, kann in der Mitgliederversammlung nur abgestimmt werden, wenn diese Antr\u00e4ge 8 Tage vor der Versammlung schriftlich beim Vorsitzenden oder Gesch\u00e4ftsf\u00fchrer des Vereins eingegangen sind. Sp\u00e4ter eingehende Antr\u00e4ge d\u00fcrfen in der Mitgliederversammlung nur behandelt werden, wenn ihre Dringlichkeit bejaht wird. Das kann dadurch geschehen, dass die Mitgliederversammlung mit einer Mehrheit von Zweidrittel der anwesenden stimmberechtigten Mitglieder beschlie\u00dft, dass der Antrag als Dringlichkeitsantrag in die Tagesordnung aufgenommen wird. Ein Antrag auf Satzungs\u00e4nderung kann nur dann als Dringlichkeitsantrag behandelt werden, wenn die Dringlichkeit einstimmig beschlossen wurde.<\/span><\/p>\n<p><span style=\"color: #000000;\">10. Geheime Abstimmungen erfolgen nur, wenn mindestens 10 stimmberechtigte Mitglieder es beantragen.<\/span><\/p>\n<p><span style=\"color: #000000;\">\u00a0<\/span><\/p>\n<h4><span style=\"color: #000000;\">\u00a7 9 Vorstand<\/span><\/h4>\n<p><span style=\"color: #000000;\">1. Der Vorstand arbeitet:<\/span><\/p>\n<p><span style=\"color: #000000;\">a. als gesch\u00e4ftsf\u00fchrender Vorstand bestehend aus dem Vorsitzenden, dem stellvertretenden Vorsitzenden dem Schatzmeister und dem Gesch\u00e4ftsf\u00fchrer,<\/span><\/p>\n<p><span style=\"color: #000000;\">b. als Gesamtvorstand bestehend aus dem gesch\u00e4ftsf\u00fchrenden Vorstand, den<\/span><\/p>\n<p><span style=\"color: #000000;\">Ressortleitern f\u00fcr<\/span><\/p>\n<p><span style=\"color: #000000;\">Jugendsport,<\/span><\/p>\n<p><span style=\"color: #000000;\">Frauen-, Breiten- und Freizeitsport,<\/span><\/p>\n<p><span style=\"color: #000000;\">Wettkampfsport,<\/span><\/p>\n<p><span style=\"color: #000000;\">\u00d6ffentlichkeitsarbeit<\/span><\/p>\n<p><span style=\"color: #000000;\">und Materialerhaltung und Materialpflege.<\/span><\/p>\n<p><span style=\"color: #000000;\">2.\u00a0Vorstand im Sinne des \u00a7 26 BGB sind der Vorsitzende und sein Stellvertreter. Sie vertreten den Verein gerichtlich und au\u00dfergerichtlich. Jeder von ihnen ist allein vertretungsberechtigt.<\/span><\/p>\n<p><span style=\"color: #000000;\">Im Innenverh\u00e4ltnis des Vereins darf der stellvertretende Vorsitzende seine Vertretungsmacht nur bei Verhinderung des 1. Vorsitzenden aus\u00fcben.<\/span><\/p>\n<p><span style=\"color: #000000;\">3. Der Ressortleiter f\u00fcr Jugendsport wird in einer gesondert einberufenen Versammlung von der Jugend des Vereins gew\u00e4hlt. Seine Wahl bedarf der Best\u00e4tigung durch die Mitgliederversammlung.<\/span><\/p>\n<p><span style=\"color: #000000;\">4. Der Gesamtvorstand leitet den Verein. Seine Sitzungen werden vom 1. Vorsitzenden geleitet. Er tritt zusammen, wenn es das Vereinsinteresse erfordert oder es drei Vorstandsmitglieder beantragen. Er ist beschlussf\u00e4hig, wenn die H\u00e4lfte der Vorstandsmitglieder anwesend ist. Bei Ausscheiden eines Vorstandsmitglieds ist der Gesamtvorstand berechtigt, ein neues Mitglied kommissarisch bis zur n\u00e4chsten Wahl zu berufen.<\/span><\/p>\n<p><span style=\"color: #000000;\">5. Zu den Aufgaben des Gesamtvorstandes geh\u00f6ren:<\/span><\/p>\n<p><span style=\"color: #000000;\">a. die Durchf\u00fchrung der Beschl\u00fcsse der Mitgliederversammlung,<\/span><\/p>\n<p><span style=\"color: #000000;\">b. die Bewilligung von Ausgaben,<\/span><\/p>\n<p><span style=\"color: #000000;\">c. Aufnahme, Ausschluss und Bestrafung von Mitgliedern.<\/span><\/p>\n<p><span style=\"color: #000000;\">6. Der gesch\u00e4ftsf\u00fchrende Vorstand ist f\u00fcr Aufgaben zust\u00e4ndig, die auf Grund ihrer Dringlichkeit einer schnellen Erledigung bed\u00fcrfen. Er erledigt au\u00dferdem Aufgaben, deren Behandlung durch den Gesamtvorstand nicht notwendig ist. Der Gesamtvorstand ist \u00fcber die T\u00e4tigkeit des gesch\u00e4ftsf\u00fchrenden Vorstandes laufend zu informieren.<\/span><\/p>\n<p><span style=\"color: #000000;\">7. Der gesch\u00e4ftsf\u00fchrende Vorstand und der Ressortleiter f\u00fcr \u00d6ffentlichkeitsarbeit haben das Recht an allen Sitzungen der Aussch\u00fcsse beratend teilzunehmen.<\/span><\/p>\n<p><span style=\"color: #000000;\">\u00a0<\/span><\/p>\n<h4><span style=\"color: #000000;\">\u00a7 10 Aussch\u00fcsse<\/span><\/h4>\n<p><span style=\"color: #000000;\">1. Der Gesamtvorstand kann bei Bedarf f\u00fcr Vereinsaufgaben Aussch\u00fcsse bilden und deren Mitglieder berufen.<\/span><\/p>\n<p><span style=\"color: #000000;\">2. Die Sitzungen der Aussch\u00fcsse erfolgen nach Bedarf und werden durch den Gesch\u00e4ftsf\u00fchrer im Auftrag des zust\u00e4ndigen Leiters einberufen.<\/span><\/p>\n<p><span style=\"color: #000000;\">\u00a0<\/span><\/p>\n<h4><span style=\"color: #000000;\">\u00a7 11 Protokollierung der Beschl\u00fcsse<\/span><\/h4>\n<p><span style=\"color: #000000;\">\u00dcber die Beschl\u00fcsse der Mitgliederversammlung, des Vorstandes, der Aussch\u00fcsse sowie der Jugendversammlung ist jeweils ein Protokoll anzufertigen, das vom Versammlungsleiter und dem von ihm bestimmten Protokollf\u00fchrer zu unterzeichnen ist.<\/span><\/p>\n<p><span style=\"color: #000000;\">\u00a0<\/span><\/p>\n<h4><span style=\"color: #000000;\">\u00a7 12 Wahlen<\/span><\/h4>\n<p><span style=\"color: #000000;\">Die Mitglieder des Vorstandes und die Kassenpr\u00fcfer werden auf die Dauer von drei Jahren gew\u00e4hlt. Sie bleiben solange im Amt, bis der Nachfolger gew\u00e4hlt ist. Wiederwahl ist zul\u00e4ssig.<\/span><\/p>\n<p><span style=\"color: #000000;\">\u00a0<\/span><\/p>\n<h4><span style=\"color: #000000;\">\u00a7 13 Kassenpr\u00fcfung<\/span><\/h4>\n<p><span style=\"color: #000000;\">Die Kasse des Vereins wird in jedem Jahr durch zwei von der Mitgliederversammlung des Vereins gew\u00e4hlte Kassenpr\u00fcfer gepr\u00fcft. Die Kassenpr\u00fcfer erstatten der Mitgliederversammlung einen Pr\u00fcfungsbericht und beantragen bei ordnungsgem\u00e4\u00dfer F\u00fchrung die Entlastung des Schatzmeisters (der Schatzmeisterin).<\/span><\/p>\n<p><span style=\"color: #000000;\">\u00a0<\/span><\/p>\n<h4><span style=\"color: #000000;\">\u00a7 14 entf\u00e4llt<\/span><\/h4>\n<p>&nbsp;<\/p>\n<h4><span style=\"color: #000000;\">\u00a7 15 Aufl\u00f6sung des Vereins<\/span><\/h4>\n<p><span style=\"color: #000000;\">1. Die Aufl\u00f6sung des Vereins kann nur in einer au\u00dferordentlichen Mitgliederversammlung beschlossen werden. Auf der Tagesordnung dieser Versammlung darf nur der Punkt \u201eAufl\u00f6sung des Vereins\u201c stehen.<\/span><\/p>\n<p><span style=\"color: #000000;\">2. Die Einberufung einer solchen Mitgliederversammlung darf nur erfolgen, wenn es<\/span><\/p>\n<p><span style=\"color: #000000;\">a. der Gesamtvorstand mit einer Mehrheit von Dreivierteln aller seiner Mitglieder beschlossen hat oder<\/span><\/p>\n<p><span style=\"color: #000000;\">b. von Zweidritteln der stimmberechtigten Mitglieder des Vereins schriftlich gefordert wurde.<\/span><\/p>\n<p><span style=\"color: #000000;\">3. Die Versammlung ist beschlussf\u00e4hig, wenn mindestens 50 % der stimmberechtigten Mitglieder anwesend sind. Die Aufl\u00f6sung kann nur mit einer Mehrheit von Dreivierteln der erschienenen stimmberechtigten Mitglieder \u00a0beschlossen werden. Die Abstimmung ist namentlich vorzunehmen.<\/span><\/p>\n<p><span style=\"color: #000000;\">4. Bei Aufl\u00f6sung des Vereins oder bei Wegfall seines bisherigen Zwecks f\u00e4llt sein Verm\u00f6gen an die Gemeinde Losheim mit der Zweckbestimmung, dass dieses Verm\u00f6gen unmittelbar und ausschlie\u00dflich zur F\u00f6rderung des Sports verwendet werden darf.<\/span><\/p>\n<p><span style=\"color: #000000;\">\u00a0<\/span><\/p>\n<p><span style=\"color: #000000;\">Die vorstehende Satzung wurde von der Mitgliederversammlung am 15.05.2013 genehmigt.<\/span><\/p>\n<p><span style=\"color: #000000;\">Rudolf Endres<\/span><\/p>\n<p><span style=\"color: #000000;\">1. Vorsitzender<\/span><\/p>\n","protected":false},"excerpt":{"rendered":"<p>vom 4.7.2013 \u00a7 1\u00a0Name, Sitz und Zweck 1. Der am 01.01.1972 in Wahlen gegr\u00fcndete Tischtennisverein ist durch den Zusammenschluss des TTC Wahlen und der Interessengemeinschaft Tischtennis Niederlosheim entstanden.\u00a0Am 14.09.1980 wurde die Jugendabteilung des TTC Losheim durch Beschluss der au\u00dferordentlichen Jahreshauptversammlung in den Verein aufgenommen. Der Verein f\u00fchrte bis zum 15.05.2013 den Namen \u00a0TTC Wahlen\/Niederlosheim\/Losheim. Auf &hellip; <a href=\"http:\/\/www.ttcwahlen.de\/?page_id=23\" class=\"more-link\">Continue reading<span class=\"screen-reader-text\"> &#8222;Satzung&#8220;<\/span><\/a><\/p>\n","protected":false},"author":1,"featured_media":0,"parent":0,"menu_order":0,"comment_status":"closed","ping_status":"closed","template":"","meta":{"footnotes":""},"class_list":["post-23","page","type-page","status-publish","hentry","hfeed"],"_links":{"self":[{"href":"http:\/\/www.ttcwahlen.de\/index.php?rest_route=\/wp\/v2\/pages\/23","targetHints":{"allow":["GET"]}}],"collection":[{"href":"http:\/\/www.ttcwahlen.de\/index.php?rest_route=\/wp\/v2\/pages"}],"about":[{"href":"http:\/\/www.ttcwahlen.de\/index.php?rest_route=\/wp\/v2\/types\/page"}],"author":[{"embeddable":true,"href":"http:\/\/www.ttcwahlen.de\/index.php?rest_route=\/wp\/v2\/users\/1"}],"replies":[{"embeddable":true,"href":"http:\/\/www.ttcwahlen.de\/index.php?rest_route=%2Fwp%2Fv2%2Fcomments&post=23"}],"version-history":[{"count":4,"href":"http:\/\/www.ttcwahlen.de\/index.php?rest_route=\/wp\/v2\/pages\/23\/revisions"}],"predecessor-version":[{"id":148,"href":"http:\/\/www.ttcwahlen.de\/index.php?rest_route=\/wp\/v2\/pages\/23\/revisions\/148"}],"wp:attachment":[{"href":"http:\/\/www.ttcwahlen.de\/index.php?rest_route=%2Fwp%2Fv2%2Fmedia&parent=23"}],"curies":[{"name":"wp","href":"https:\/\/api.w.org\/{rel}","templated":true}]}}