{"id":73,"date":"2018-01-26T16:07:49","date_gmt":"2018-01-26T15:07:49","guid":{"rendered":"http:\/\/1.ttcwahlen.de\/?page_id=73"},"modified":"2018-02-04T10:46:38","modified_gmt":"2018-02-04T09:46:38","slug":"impressum","status":"publish","type":"page","link":"http:\/\/www.ttcwahlen.de\/?page_id=73","title":{"rendered":"Impressum"},"content":{"rendered":"<h1 style=\"text-align: center;\"><span style=\"text-decoration: underline;\"><span style=\"color: #000000; text-decoration: underline;\">Impressum<\/span><\/span><\/h1>\n<h3><span style=\"color: #000000;\"><strong><span style=\"text-decoration: underline;\">Anbieter:<\/span><\/strong><\/span><\/h3>\n<p><span style=\"color: #000000;\"><span style=\"font-family: Arial, Helvetica, sans-serif;\"><span style=\"font-size: medium;\"><b>TTC WNL Losheim am See<\/b><\/span><\/span><\/span><\/p>\n<p><span style=\"color: #000000;\"><span style=\"font-family: Arial, Helvetica, sans-serif;\"><span style=\"font-size: medium;\">Postanschrift:<\/span><\/span><\/span><\/p>\n<p><span style=\"color: #000000;\">Rudolf Endres<\/span><br \/>\n<span style=\"color: #000000;\">F\u00fcrstenhofstrasse 31<\/span><br \/>\n<span style=\"color: #000000;\">54329 Konz<\/span><\/p>\n<p><span style=\"color: #000000;\"><span style=\"font-family: Arial, Helvetica, sans-serif;\"><span style=\"font-size: medium;\">Vereinsregister-Nummer 333<\/span><\/span><\/span><\/p>\n<p><span style=\"color: #000000;\"><span style=\"font-family: Arial, Helvetica, sans-serif;\"><span style=\"font-size: medium;\">Vereins-Nummer STTB 345<\/span><\/span><\/span><\/p>\n<p><span style=\"color: #000000;\"><span style=\"font-family: Arial, Helvetica, sans-serif;\"><span style=\"font-size: medium;\">Kreis: Westsaar; Merzig-Wadern<\/span><\/span><\/span><\/p>\n<p><span style=\"color: #000000;\"><span style=\"font-family: Arial, Helvetica, sans-serif;\"><span style=\"font-size: medium;\"><b>Inhalt der Web-Seiten<\/b><\/span><\/span><\/span><\/p>\n<p><span style=\"color: #000000;\"><span style=\"font-family: Arial, Helvetica, sans-serif;\"><span style=\"font-size: medium;\">+ Der jeweilige Autor zeichnet sich f\u00fcr seinen Inhalt verantwortlich.<\/span><\/span><\/span><\/p>\n<p><span style=\"color: #000000;\"><span style=\"font-family: Arial, Helvetica, sans-serif;\"><span style=\"font-size: medium;\">+ Er m\u00f6ge seinen Namen seinem Text zuordnen.<\/span><\/span><\/span><\/p>\n<p><span style=\"color: #000000;\"><span style=\"font-family: Arial, Helvetica, sans-serif;\"><span style=\"font-size: medium;\">+ Sollten Inhalten von Web-Seiten des TTC WNL Losheim am See gegen geltende\u00a0 Rechtsvorschriften versto\u00dfen, bitten wir um eine umgehende Mitteilung an den Verein: rudolf.endres@gmx.de<\/span><\/span><\/span><\/p>\n<p><span style=\"color: #000000;\"><span style=\"font-family: Arial, Helvetica, sans-serif;\"><span style=\"font-size: medium;\">+ Gew\u00e4hr f\u00fcr die Aktualit\u00e4t, Korrektheit, Vollst\u00e4ndigkeit und Qualit\u00e4t \u00fcbernehmen die Autoren nicht.<\/span><\/span><\/span><\/p>\n<p><span style=\"color: #000000;\"><span style=\"font-family: Arial, Helvetica, sans-serif;\"><span style=\"font-size: medium;\">+ Haftungsanspr\u00fcche gegen den Autor, welche sich auf Sch\u00e4den materieller oder ideeller Art beziehen, die durch die Nutzung oder Nichtnutzung der dargebotenen Informationen bzw. durch die Nutzung fehlerhafter oder unvollst\u00e4ndiger Informationen verursacht wurden, sind grunds\u00e4tzlich ausgeschlossen, sofern seitens des Autors kein nachweislich vors\u00e4tzliches oder grob fahrl\u00e4ssiges Verschulden vorliegt.<\/span><\/span><\/span><\/p>\n<p><span style=\"color: #000000;\"><span style=\"font-family: Arial, Helvetica, sans-serif;\"><span style=\"font-size: medium;\"><b>Urheberrecht<\/b><\/span><\/span><\/span><\/p>\n<p><span style=\"color: #000000;\"><span style=\"font-family: Arial, Helvetica, sans-serif;\"><span style=\"font-size: medium;\"><b>Copyright by\u00a0TTC WNL Losheim am See e.V.<\/b><\/span><\/span><\/span><\/p>\n<p><span style=\"color: #000000;\"><span style=\"font-family: Arial, Helvetica, sans-serif;\"><span style=\"font-size: medium;\">+ Alle Rechte sind vorbehalten. Die Rechte von Bild-, Text- und Filmmaterial, die durch den TTC WNL Losheim am See e.V. erstellt wurden, liegen ausschlie\u00dflich beim TTC WNL Losheim am See.<\/span><\/span><\/span><\/p>\n<p><span style=\"color: #000000;\"><span style=\"font-family: Arial, Helvetica, sans-serif;\"><span style=\"font-size: medium;\">+ Ein privater Anspruch der jeweiligen Autoren besteht nicht. Die Weiterverbreitung von Inhalten,<br \/>\nauch in Ausz\u00fcgen, f\u00fcr private Zwecke ist unter Angabe der Quelle ohne vorherige R\u00fccksprache gestattet.,<\/span><\/span><\/span><\/p>\n<p><span style=\"color: #000000;\"><span style=\"font-family: Arial, Helvetica, sans-serif;\"><span style=\"font-size: medium;\">+ Im gewerblichen Bereich muss der TTC WNL Losheim am See zustimmen.<\/span><\/span><\/span><\/p>\n<p>&nbsp;<\/p>\n","protected":false},"excerpt":{"rendered":"<p>Impressum Anbieter: TTC WNL Losheim am See Postanschrift: Rudolf Endres F\u00fcrstenhofstrasse 31 54329 Konz Vereinsregister-Nummer 333 Vereins-Nummer STTB 345 Kreis: Westsaar; Merzig-Wadern Inhalt der Web-Seiten + Der jeweilige Autor zeichnet sich f\u00fcr seinen Inhalt verantwortlich. + Er m\u00f6ge seinen Namen seinem Text zuordnen. + Sollten Inhalten von Web-Seiten des TTC WNL Losheim am See gegen &hellip; <a href=\"http:\/\/www.ttcwahlen.de\/?page_id=73\" class=\"more-link\">Continue reading<span class=\"screen-reader-text\"> &#8222;Impressum&#8220;<\/span><\/a><\/p>\n","protected":false},"author":1,"featured_media":0,"parent":0,"menu_order":0,"comment_status":"closed","ping_status":"closed","template":"","meta":{"footnotes":""},"class_list":["post-73","page","type-page","status-publish","hentry","hfeed"],"_links":{"self":[{"href":"http:\/\/www.ttcwahlen.de\/index.php?rest_route=\/wp\/v2\/pages\/73","targetHints":{"allow":["GET"]}}],"collection":[{"href":"http:\/\/www.ttcwahlen.de\/index.php?rest_route=\/wp\/v2\/pages"}],"about":[{"href":"http:\/\/www.ttcwahlen.de\/index.php?rest_route=\/wp\/v2\/types\/page"}],"author":[{"embeddable":true,"href":"http:\/\/www.ttcwahlen.de\/index.php?rest_route=\/wp\/v2\/users\/1"}],"replies":[{"embeddable":true,"href":"http:\/\/www.ttcwahlen.de\/index.php?rest_route=%2Fwp%2Fv2%2Fcomments&post=73"}],"version-history":[{"count":4,"href":"http:\/\/www.ttcwahlen.de\/index.php?rest_route=\/wp\/v2\/pages\/73\/revisions"}],"predecessor-version":[{"id":269,"href":"http:\/\/www.ttcwahlen.de\/index.php?rest_route=\/wp\/v2\/pages\/73\/revisions\/269"}],"wp:attachment":[{"href":"http:\/\/www.ttcwahlen.de\/index.php?rest_route=%2Fwp%2Fv2%2Fmedia&parent=73"}],"curies":[{"name":"wp","href":"https:\/\/api.w.org\/{rel}","templated":true}]}}